{"id":48188,"date":"2022-09-30T02:09:35","date_gmt":"2022-09-30T08:09:35","guid":{"rendered":"https:\/\/store.absglobal.com\/ca\/?page_id=48188"},"modified":"2022-09-30T02:09:55","modified_gmt":"2022-09-30T08:09:55","slug":"thank-you-fr","status":"publish","type":"page","link":"https:\/\/store.absglobal.com\/ca\/thank-you-fr\/","title":{"rendered":"Merci"},"content":{"rendered":"\n<div class=\"wp-block-columns light_blue_box is-layout-flex wp-container-core-columns-is-layout-1 wp-block-columns-is-layout-flex\">\n<div class=\"wp-block-column is-layout-flow wp-block-column-is-layout-flow\">\n<p>Veuillez rechercher l&#8217;e-mail de v\u00e9rification dans votre bo\u00eete de r\u00e9ception (il est peut-\u00eatre entr\u00e9 dans le spam ou le courrier ind\u00e9sirable) et cliquez sur le lien dans cet e-mail. Un message de confirmation appara\u00eetra dans votre navigateur Web.<\/p>\n\n\n\n<p><\/p>\n\n\n\n<p>Avoir des probl\u00e8mes? <a href=\"\/ca\/contact-us-fr\/\" class=\"ek-link\">Nous contacter<\/a><\/p>\n\n\n\n<p><\/p>\n\n\n\n<p class=\"btn btn-secondary has-white-color has-text-color\"><a href=\"\/ca\/ad-login-fr\/\" class=\"ek-link\">Continuer<\/a><\/p>\n<\/div>\n<\/div>\n","protected":false},"excerpt":{"rendered":"<p>Veuillez rechercher l&#8217;e-mail de v\u00e9rification dans votre bo\u00eete de r\u00e9ception (il est peut-\u00eatre entr\u00e9 dans le spam ou le courrier ind\u00e9sirable) et cliquez sur le lien dans cet e-mail. Un message de confirmation appara\u00eetra dans votre navigateur Web. Avoir des probl\u00e8mes? Nous contacter Continuer<\/p>\n","protected":false},"author":8920,"featured_media":0,"parent":0,"menu_order":0,"comment_status":"closed","ping_status":"closed","template":"","meta":{"_acf_changed":false,"content-type":"","inline_featured_image":false,"_editorskit_title_hidden":false,"_editorskit_reading_time":1,"_editorskit_is_block_options_detached":false,"_editorskit_block_options_position":"{}","footnotes":""},"class_list":["post-48188","page","type-page","status-publish"],"acf":[],"yoast_head":"<!-- This site is optimized with the Yoast SEO plugin v25.6 - https:\/\/yoast.com\/wordpress\/plugins\/seo\/ -->\n<title>Merci - ABS Global Store Canada<\/title>\n<meta name=\"robots\" content=\"index, follow, max-snippet:-1, max-image-preview:large, max-video-preview:-1\" \/>\n<link rel=\"canonical\" href=\"https:\/\/store.absglobal.com\/ca\/thank-you-fr\/\" \/>\n<meta property=\"og:locale\" content=\"en_US\" \/>\n<meta property=\"og:type\" content=\"article\" \/>\n<meta property=\"og:title\" content=\"Merci - ABS Global Store Canada\" \/>\n<meta property=\"og:description\" content=\"Veuillez rechercher l&#8217;e-mail de v\u00e9rification dans votre bo\u00eete de r\u00e9ception (il est peut-\u00eatre entr\u00e9 dans le spam ou le courrier ind\u00e9sirable) et cliquez sur le lien dans cet e-mail. Un message de confirmation appara\u00eetra dans votre navigateur Web. Avoir des probl\u00e8mes? Nous contacter Continuer\" \/>\n<meta property=\"og:url\" content=\"https:\/\/store.absglobal.com\/ca\/thank-you-fr\/\" \/>\n<meta property=\"og:site_name\" content=\"ABS Global Store Canada\" \/>\n<meta property=\"article:modified_time\" content=\"2022-09-30T08:09:55+00:00\" \/>\n<meta name=\"twitter:card\" content=\"summary_large_image\" \/>\n<meta name=\"twitter:label1\" content=\"Est. reading time\" \/>\n\t<meta name=\"twitter:data1\" content=\"1 minute\" \/>\n<script type=\"application\/ld+json\" class=\"yoast-schema-graph\">{\"@context\":\"https:\/\/schema.org\",\"@graph\":[{\"@type\":\"WebPage\",\"@id\":\"https:\/\/store.absglobal.com\/ca\/thank-you-fr\/\",\"url\":\"https:\/\/store.absglobal.com\/ca\/thank-you-fr\/\",\"name\":\"Merci - ABS Global Store Canada\",\"isPartOf\":{\"@id\":\"https:\/\/store.absglobal.com\/ca\/#website\"},\"datePublished\":\"2022-09-30T08:09:35+00:00\",\"dateModified\":\"2022-09-30T08:09:55+00:00\",\"breadcrumb\":{\"@id\":\"https:\/\/store.absglobal.com\/ca\/thank-you-fr\/#breadcrumb\"},\"inLanguage\":\"en-US\",\"potentialAction\":[{\"@type\":\"ReadAction\",\"target\":[\"https:\/\/store.absglobal.com\/ca\/thank-you-fr\/\"]}]},{\"@type\":\"BreadcrumbList\",\"@id\":\"https:\/\/store.absglobal.com\/ca\/thank-you-fr\/#breadcrumb\",\"itemListElement\":[{\"@type\":\"ListItem\",\"position\":1,\"name\":\"Home\",\"item\":\"https:\/\/store.absglobal.com\/ca\/\"},{\"@type\":\"ListItem\",\"position\":2,\"name\":\"Merci\"}]},{\"@type\":\"WebSite\",\"@id\":\"https:\/\/store.absglobal.com\/ca\/#website\",\"url\":\"https:\/\/store.absglobal.com\/ca\/\",\"name\":\"ABS Global Store Canada\",\"description\":\"ABS Global Canada\",\"potentialAction\":[{\"@type\":\"SearchAction\",\"target\":{\"@type\":\"EntryPoint\",\"urlTemplate\":\"https:\/\/store.absglobal.com\/ca\/?s={search_term_string}\"},\"query-input\":{\"@type\":\"PropertyValueSpecification\",\"valueRequired\":true,\"valueName\":\"search_term_string\"}}],\"inLanguage\":\"en-US\"}]}<\/script>\n<!-- \/ Yoast SEO plugin. -->","yoast_head_json":{"title":"Merci - ABS Global Store Canada","robots":{"index":"index","follow":"follow","max-snippet":"max-snippet:-1","max-image-preview":"max-image-preview:large","max-video-preview":"max-video-preview:-1"},"canonical":"https:\/\/store.absglobal.com\/ca\/thank-you-fr\/","og_locale":"en_US","og_type":"article","og_title":"Merci - ABS Global Store Canada","og_description":"Veuillez rechercher l&#8217;e-mail de v\u00e9rification dans votre bo\u00eete de r\u00e9ception (il est peut-\u00eatre entr\u00e9 dans le spam ou le courrier ind\u00e9sirable) et cliquez sur le lien dans cet e-mail. Un message de confirmation appara\u00eetra dans votre navigateur Web. Avoir des probl\u00e8mes? Nous contacter Continuer","og_url":"https:\/\/store.absglobal.com\/ca\/thank-you-fr\/","og_site_name":"ABS Global Store Canada","article_modified_time":"2022-09-30T08:09:55+00:00","twitter_card":"summary_large_image","twitter_misc":{"Est. reading time":"1 minute"},"schema":{"@context":"https:\/\/schema.org","@graph":[{"@type":"WebPage","@id":"https:\/\/store.absglobal.com\/ca\/thank-you-fr\/","url":"https:\/\/store.absglobal.com\/ca\/thank-you-fr\/","name":"Merci - ABS Global Store Canada","isPartOf":{"@id":"https:\/\/store.absglobal.com\/ca\/#website"},"datePublished":"2022-09-30T08:09:35+00:00","dateModified":"2022-09-30T08:09:55+00:00","breadcrumb":{"@id":"https:\/\/store.absglobal.com\/ca\/thank-you-fr\/#breadcrumb"},"inLanguage":"en-US","potentialAction":[{"@type":"ReadAction","target":["https:\/\/store.absglobal.com\/ca\/thank-you-fr\/"]}]},{"@type":"BreadcrumbList","@id":"https:\/\/store.absglobal.com\/ca\/thank-you-fr\/#breadcrumb","itemListElement":[{"@type":"ListItem","position":1,"name":"Home","item":"https:\/\/store.absglobal.com\/ca\/"},{"@type":"ListItem","position":2,"name":"Merci"}]},{"@type":"WebSite","@id":"https:\/\/store.absglobal.com\/ca\/#website","url":"https:\/\/store.absglobal.com\/ca\/","name":"ABS Global Store Canada","description":"ABS Global Canada","potentialAction":[{"@type":"SearchAction","target":{"@type":"EntryPoint","urlTemplate":"https:\/\/store.absglobal.com\/ca\/?s={search_term_string}"},"query-input":{"@type":"PropertyValueSpecification","valueRequired":true,"valueName":"search_term_string"}}],"inLanguage":"en-US"}]}},"_links":{"self":[{"href":"https:\/\/store.absglobal.com\/ca\/wp-json\/wp\/v2\/pages\/48188"}],"collection":[{"href":"https:\/\/store.absglobal.com\/ca\/wp-json\/wp\/v2\/pages"}],"about":[{"href":"https:\/\/store.absglobal.com\/ca\/wp-json\/wp\/v2\/types\/page"}],"author":[{"embeddable":true,"href":"https:\/\/store.absglobal.com\/ca\/wp-json\/wp\/v2\/users\/8920"}],"replies":[{"embeddable":true,"href":"https:\/\/store.absglobal.com\/ca\/wp-json\/wp\/v2\/comments?post=48188"}],"version-history":[{"count":2,"href":"https:\/\/store.absglobal.com\/ca\/wp-json\/wp\/v2\/pages\/48188\/revisions"}],"predecessor-version":[{"id":48190,"href":"https:\/\/store.absglobal.com\/ca\/wp-json\/wp\/v2\/pages\/48188\/revisions\/48190"}],"wp:attachment":[{"href":"https:\/\/store.absglobal.com\/ca\/wp-json\/wp\/v2\/media?parent=48188"}],"curies":[{"name":"wp","href":"https:\/\/api.w.org\/{rel}","templated":true}]}}