{"id":44719,"date":"2022-06-28T04:55:03","date_gmt":"2022-06-28T10:55:03","guid":{"rendered":"https:\/\/store.absglobal.com\/ca\/?page_id=44719"},"modified":"2022-06-28T04:55:17","modified_gmt":"2022-06-28T10:55:17","slug":"check-email-fr","status":"publish","type":"page","link":"https:\/\/store.absglobal.com\/ca\/ad-password-reset-fr\/check-email-fr\/","title":{"rendered":"Check Email FR"},"content":{"rendered":"\n<div class=\"wp-block-columns is-layout-flex wp-container-core-columns-is-layout-1 wp-block-columns-is-layout-flex\">\n<div class=\"wp-block-column light_blue_box is-layout-flow wp-block-column-is-layout-flow\">\n<h2 class=\"h2_email_icon wp-block-heading\" id=\"h-merci-de-consulter-vos-emails\">Merci de consulter vos emails<\/h2>\n\n\n\n<p>Nous vous avons envoy\u00e9 un e-mail avec un lien pour r\u00e9initialiser votre mot de passe. Si vous ne l&#8217;avez pas re\u00e7u, veuillez d&#8217;abord v\u00e9rifier vos dossiers de courrier ind\u00e9sirable\/spam. REMARQUE\u00a0: Le lien n&#8217;est valide que pendant 24\u00a0heures.<\/p>\n\n\n\n<p>S&#8217;il a expir\u00e9 ou ne fonctionne pas, r\u00e9essayez d&#8217;abord la demande.<\/p>\n\n\n\n<p>Si vous ne recevez pas l&#8217;e-mail ou si vous rencontrez toujours des probl\u00e8mes, veuillez <a href=\"https:\/\/store.absglobal.com\/ca\/contact-us-fr\/\" class=\"ek-link\">nous contacter.<\/a><\/p>\n<\/div>\n<\/div>\n","protected":false},"excerpt":{"rendered":"<p>Merci de consulter vos emails Nous vous avons envoy\u00e9 un e-mail avec un lien pour r\u00e9initialiser votre mot de passe. Si vous ne l&#8217;avez pas re\u00e7u, veuillez d&#8217;abord v\u00e9rifier vos dossiers de courrier ind\u00e9sirable\/spam. REMARQUE\u00a0: Le lien n&#8217;est valide que pendant 24\u00a0heures. S&#8217;il a expir\u00e9 ou ne fonctionne pas, r\u00e9essayez d&#8217;abord la demande. Si vous [&hellip;]<\/p>\n","protected":false},"author":6,"featured_media":0,"parent":41328,"menu_order":0,"comment_status":"closed","ping_status":"closed","template":"","meta":{"_acf_changed":false,"content-type":"","inline_featured_image":false,"_editorskit_title_hidden":false,"_editorskit_reading_time":1,"_editorskit_is_block_options_detached":false,"_editorskit_block_options_position":"{}","footnotes":""},"class_list":["post-44719","page","type-page","status-publish"],"acf":[],"yoast_head":"<!-- This site is optimized with the Yoast SEO plugin v25.6 - https:\/\/yoast.com\/wordpress\/plugins\/seo\/ -->\n<title>Check Email FR - ABS Global Store Canada<\/title>\n<meta name=\"robots\" content=\"index, follow, max-snippet:-1, max-image-preview:large, max-video-preview:-1\" \/>\n<link rel=\"canonical\" href=\"https:\/\/store.absglobal.com\/ca\/ad-password-reset-fr\/check-email-fr\/\" \/>\n<meta property=\"og:locale\" content=\"en_US\" \/>\n<meta property=\"og:type\" content=\"article\" \/>\n<meta property=\"og:title\" content=\"Check Email FR - ABS Global Store Canada\" \/>\n<meta property=\"og:description\" content=\"Merci de consulter vos emails Nous vous avons envoy\u00e9 un e-mail avec un lien pour r\u00e9initialiser votre mot de passe. Si vous ne l&#8217;avez pas re\u00e7u, veuillez d&#8217;abord v\u00e9rifier vos dossiers de courrier ind\u00e9sirable\/spam. REMARQUE\u00a0: Le lien n&#8217;est valide que pendant 24\u00a0heures. S&#8217;il a expir\u00e9 ou ne fonctionne pas, r\u00e9essayez d&#8217;abord la demande. Si vous [&hellip;]\" \/>\n<meta property=\"og:url\" content=\"https:\/\/store.absglobal.com\/ca\/ad-password-reset-fr\/check-email-fr\/\" \/>\n<meta property=\"og:site_name\" content=\"ABS Global Store Canada\" \/>\n<meta property=\"article:modified_time\" content=\"2022-06-28T10:55:17+00:00\" \/>\n<meta name=\"twitter:card\" content=\"summary_large_image\" \/>\n<meta name=\"twitter:label1\" content=\"Est. reading time\" \/>\n\t<meta name=\"twitter:data1\" content=\"1 minute\" \/>\n<script type=\"application\/ld+json\" class=\"yoast-schema-graph\">{\"@context\":\"https:\/\/schema.org\",\"@graph\":[{\"@type\":\"WebPage\",\"@id\":\"https:\/\/store.absglobal.com\/ca\/ad-password-reset-fr\/check-email-fr\/\",\"url\":\"https:\/\/store.absglobal.com\/ca\/ad-password-reset-fr\/check-email-fr\/\",\"name\":\"Check Email FR - ABS Global Store Canada\",\"isPartOf\":{\"@id\":\"https:\/\/store.absglobal.com\/ca\/#website\"},\"datePublished\":\"2022-06-28T10:55:03+00:00\",\"dateModified\":\"2022-06-28T10:55:17+00:00\",\"breadcrumb\":{\"@id\":\"https:\/\/store.absglobal.com\/ca\/ad-password-reset-fr\/check-email-fr\/#breadcrumb\"},\"inLanguage\":\"en-US\",\"potentialAction\":[{\"@type\":\"ReadAction\",\"target\":[\"https:\/\/store.absglobal.com\/ca\/ad-password-reset-fr\/check-email-fr\/\"]}]},{\"@type\":\"BreadcrumbList\",\"@id\":\"https:\/\/store.absglobal.com\/ca\/ad-password-reset-fr\/check-email-fr\/#breadcrumb\",\"itemListElement\":[{\"@type\":\"ListItem\",\"position\":1,\"name\":\"Home\",\"item\":\"https:\/\/store.absglobal.com\/ca\/\"},{\"@type\":\"ListItem\",\"position\":2,\"name\":\"Mot de passe oubli\u00e9\",\"item\":\"https:\/\/store.absglobal.com\/ca\/ad-password-reset-fr\/\"},{\"@type\":\"ListItem\",\"position\":3,\"name\":\"Check Email FR\"}]},{\"@type\":\"WebSite\",\"@id\":\"https:\/\/store.absglobal.com\/ca\/#website\",\"url\":\"https:\/\/store.absglobal.com\/ca\/\",\"name\":\"ABS Global Store Canada\",\"description\":\"ABS Global Canada\",\"potentialAction\":[{\"@type\":\"SearchAction\",\"target\":{\"@type\":\"EntryPoint\",\"urlTemplate\":\"https:\/\/store.absglobal.com\/ca\/?s={search_term_string}\"},\"query-input\":{\"@type\":\"PropertyValueSpecification\",\"valueRequired\":true,\"valueName\":\"search_term_string\"}}],\"inLanguage\":\"en-US\"}]}<\/script>\n<!-- \/ Yoast SEO plugin. -->","yoast_head_json":{"title":"Check Email FR - ABS Global Store Canada","robots":{"index":"index","follow":"follow","max-snippet":"max-snippet:-1","max-image-preview":"max-image-preview:large","max-video-preview":"max-video-preview:-1"},"canonical":"https:\/\/store.absglobal.com\/ca\/ad-password-reset-fr\/check-email-fr\/","og_locale":"en_US","og_type":"article","og_title":"Check Email FR - ABS Global Store Canada","og_description":"Merci de consulter vos emails Nous vous avons envoy\u00e9 un e-mail avec un lien pour r\u00e9initialiser votre mot de passe. Si vous ne l&#8217;avez pas re\u00e7u, veuillez d&#8217;abord v\u00e9rifier vos dossiers de courrier ind\u00e9sirable\/spam. REMARQUE\u00a0: Le lien n&#8217;est valide que pendant 24\u00a0heures. S&#8217;il a expir\u00e9 ou ne fonctionne pas, r\u00e9essayez d&#8217;abord la demande. Si vous [&hellip;]","og_url":"https:\/\/store.absglobal.com\/ca\/ad-password-reset-fr\/check-email-fr\/","og_site_name":"ABS Global Store Canada","article_modified_time":"2022-06-28T10:55:17+00:00","twitter_card":"summary_large_image","twitter_misc":{"Est. reading time":"1 minute"},"schema":{"@context":"https:\/\/schema.org","@graph":[{"@type":"WebPage","@id":"https:\/\/store.absglobal.com\/ca\/ad-password-reset-fr\/check-email-fr\/","url":"https:\/\/store.absglobal.com\/ca\/ad-password-reset-fr\/check-email-fr\/","name":"Check Email FR - ABS Global Store Canada","isPartOf":{"@id":"https:\/\/store.absglobal.com\/ca\/#website"},"datePublished":"2022-06-28T10:55:03+00:00","dateModified":"2022-06-28T10:55:17+00:00","breadcrumb":{"@id":"https:\/\/store.absglobal.com\/ca\/ad-password-reset-fr\/check-email-fr\/#breadcrumb"},"inLanguage":"en-US","potentialAction":[{"@type":"ReadAction","target":["https:\/\/store.absglobal.com\/ca\/ad-password-reset-fr\/check-email-fr\/"]}]},{"@type":"BreadcrumbList","@id":"https:\/\/store.absglobal.com\/ca\/ad-password-reset-fr\/check-email-fr\/#breadcrumb","itemListElement":[{"@type":"ListItem","position":1,"name":"Home","item":"https:\/\/store.absglobal.com\/ca\/"},{"@type":"ListItem","position":2,"name":"Mot de passe oubli\u00e9","item":"https:\/\/store.absglobal.com\/ca\/ad-password-reset-fr\/"},{"@type":"ListItem","position":3,"name":"Check Email FR"}]},{"@type":"WebSite","@id":"https:\/\/store.absglobal.com\/ca\/#website","url":"https:\/\/store.absglobal.com\/ca\/","name":"ABS Global Store Canada","description":"ABS Global Canada","potentialAction":[{"@type":"SearchAction","target":{"@type":"EntryPoint","urlTemplate":"https:\/\/store.absglobal.com\/ca\/?s={search_term_string}"},"query-input":{"@type":"PropertyValueSpecification","valueRequired":true,"valueName":"search_term_string"}}],"inLanguage":"en-US"}]}},"_links":{"self":[{"href":"https:\/\/store.absglobal.com\/ca\/wp-json\/wp\/v2\/pages\/44719"}],"collection":[{"href":"https:\/\/store.absglobal.com\/ca\/wp-json\/wp\/v2\/pages"}],"about":[{"href":"https:\/\/store.absglobal.com\/ca\/wp-json\/wp\/v2\/types\/page"}],"author":[{"embeddable":true,"href":"https:\/\/store.absglobal.com\/ca\/wp-json\/wp\/v2\/users\/6"}],"replies":[{"embeddable":true,"href":"https:\/\/store.absglobal.com\/ca\/wp-json\/wp\/v2\/comments?post=44719"}],"version-history":[{"count":1,"href":"https:\/\/store.absglobal.com\/ca\/wp-json\/wp\/v2\/pages\/44719\/revisions"}],"predecessor-version":[{"id":44720,"href":"https:\/\/store.absglobal.com\/ca\/wp-json\/wp\/v2\/pages\/44719\/revisions\/44720"}],"up":[{"embeddable":true,"href":"https:\/\/store.absglobal.com\/ca\/wp-json\/wp\/v2\/pages\/41328"}],"wp:attachment":[{"href":"https:\/\/store.absglobal.com\/ca\/wp-json\/wp\/v2\/media?parent=44719"}],"curies":[{"name":"wp","href":"https:\/\/api.w.org\/{rel}","templated":true}]}}