{"id":41339,"date":"2022-06-17T07:10:43","date_gmt":"2022-06-17T13:10:43","guid":{"rendered":"https:\/\/store.absglobal.com\/ca\/?page_id=41339"},"modified":"2022-09-14T08:19:54","modified_gmt":"2022-09-14T14:19:54","slug":"privacy-policy-fr","status":"publish","type":"page","link":"https:\/\/store.absglobal.com\/ca\/privacy-policy-fr\/","title":{"rendered":"Politique de confidentialit\u00e9"},"content":{"rendered":"\n<p><strong>D\u00e9claration de confidentialit\u00e9<\/strong><\/p>\n\n\n\n<p><strong>ABS Global, Inc.<\/strong>,&nbsp;reconna\u00eet depuis longtemps que les personnes avec lesquelles nous faisons affaire accordent de l&#8217;importance \u00e0 leur vie priv\u00e9e. Cependant, pour faire des affaires \u00e0 l&#8217;\u00e9chelle mondiale dans une \u00e9conomie de plus en plus \u00e9lectronique, la collecte de renseignements personnels est souvent n\u00e9cessaire et souhaitable. L&#8217;objectif d&#8217;ABS est d&#8217;\u00e9quilibrer les avantages du commerce \u00e9lectronique avec le droit des individus d&#8217;emp\u00eacher l&#8217;utilisation abusive de leurs informations personnelles. Cette d\u00e9claration de confidentialit\u00e9 ne s&#8217;applique pas \u00e0 la collecte d&#8217;informations hors ligne.<\/p>\n\n\n\n<p>La<strong>collecte d&#8217;informations personnelles&nbsp;:<\/strong><br>Dans certaines circonstances, ABS peut vous demander des informations personnelles, telles que votre nom, votre adresse e-mail, le nom de votre entreprise ou votre num\u00e9ro de t\u00e9l\u00e9phone. Votre r\u00e9ponse \u00e0 ces demandes est strictement volontaire. ABS utilise ces informations pour personnaliser votre exp\u00e9rience sur nos sites Web. En outre, ABS peut utiliser ces informations \u00e0 d&#8217;autres fins commerciales, telles que vous alerter sur les produits et services qui peuvent vous aider dans votre entreprise, promouvoir l&#8217;inscription au site et aider au traitement des commandes. De mani\u00e8re g\u00e9n\u00e9rale, vous pouvez visiter notre site sans divulguer aucune information personnelle. Cependant, certaines zones de ce site n\u00e9cessitent ces informations pour compl\u00e9ter leurs fonctions de personnalisation et peuvent ne pas \u00eatre disponibles pour ceux qui choisissent de ne pas r\u00e9v\u00e9ler les informations demand\u00e9es.<br><strong>La collecte d&#8217;informations d&#8217;utilisation&nbsp;:<\/strong>&lt; br&gt; ABS recueille \u00e9galement vos informations de domaine, votre type de navigateur, votre adresse de protocole Internet et d&#8217;autres informations techniques similaires lorsque vous visitez notre site dans le cadre de son analyse de l&#8217;utilisation du site. Ces donn\u00e9es nous permettent de mieux conna\u00eetre les clients qui visitent notre site, le logiciel qu&#8217;ils utilisent pour visiter notre site, leur emplacement g\u00e9ographique en fonction de leur adresse de protocole Internet et les parties du site qu&#8217;ils visitent le plus souvent. Ces donn\u00e9es peuvent \u00e9galement \u00eatre utilis\u00e9es pour l&#8217;administration du syst\u00e8me, l&#8217;analyse, l&#8217;audit, la recherche, l&#8217;\u00e9valuation de la conception ou des fonctionnalit\u00e9s de notre site Web et pour am\u00e9liorer nos offres Web. Nous pouvons partager ces informations d&#8217;utilisation avec des unit\u00e9s commerciales ABS, des filiales et d&#8217;autres partenaires commerciaux. Ces informations sont collect\u00e9es automatiquement et ne n\u00e9cessitent aucune action de votre part.<br><strong>Divulgation \u00e0 des tiers&nbsp;:<\/strong><br> Dans les cas o\u00f9 nous pensons que vos int\u00e9r\u00eats commerciaux seront servis, ABS peut partager vos informations d&#8217;utilisation et informations personnelles (\u00e0 l&#8217;exception des informations de compte, de carte de cr\u00e9dit et de commande) avec les unit\u00e9s commerciales, filiales et autres partenaires commerciaux d&#8217;ABS, qui peuvent vous alerter sur les nouveaux produits et services afin d&#8217;am\u00e9liorer votre avantage concurrentiel. Si vous recevez des documents marketing ind\u00e9sirables de la part d&#8217;ABS ou de nos unit\u00e9s commerciales, filiales ou autres partenaires commerciaux, veuillez nous faire savoir que vous souhaitez \u00eatre supprim\u00e9 de leur liste de contacts.<br><strong>Utilisation des cookies&nbsp;:<\/strong> <br>Certaines pages de ce site utilisent des &#8220;cookies&#8221;, qui sont de petits fichiers que le site place sur votre disque dur, si vous autorisez votre navigateur \u00e0 le faire, \u00e0 des fins d&#8217;identification. Ces fichiers sont utilis\u00e9s pour l&#8217;enregistrement et la personnalisation du site lors de votre prochaine visite. Ils nous permettent \u00e9galement d&#8217;enregistrer la fr\u00e9quence \u00e0 laquelle vous visitez notre site et les parties du site que vous visitez. Veuillez noter que les cookies ne peuvent pas lire les donn\u00e9es de votre disque dur. Votre navigateur Web peut vous permettre d&#8217;\u00eatre averti lorsque vous recevez un cookie, vous donnant le choix de l&#8217;accepter ou non. En n&#8217;acceptant pas les cookies, certaines pages peuvent ne pas fonctionner pleinement et vous ne pourrez peut-\u00eatre pas acc\u00e9der \u00e0 certaines informations sur ce site.<br><strong>Modifications&nbsp;:<\/strong><br>ABS se r\u00e9serve le droit de changer, modifier ou mettre \u00e0 jour cette d\u00e9claration \u00e0 tout moment sans pr\u00e9avis. Ces r\u00e9visions peuvent \u00eatre publi\u00e9es sur cette page Web de temps \u00e0 autre.<br><strong>Conditions d&#8217;utilisation&nbsp;:<\/strong><br>Conditions d&#8217;utilisation du site Web d&#8217;ABS Global et des sites Web des unit\u00e9s commerciales ou des filiales. Acceptation des conditions : Lorsque vous acc\u00e9dez \u00e0 ce site, vous reconnaissez avoir lu et accept\u00e9 de respecter les conditions d\u00e9crites ci-dessous. Si vous n&#8217;\u00eates pas d&#8217;accord avec les termes discut\u00e9s ici, vous devez quitter ce site maintenant.<br><strong>Copyright&nbsp;:<br><\/strong>Tout ce qui se trouve sur ce site est prot\u00e9g\u00e9 par le droit d&#8217;auteur. ABS Global ou le cr\u00e9ateur original du mat\u00e9riel d\u00e9tient les droits d&#8217;auteur. Cependant, vous ne b\u00e9n\u00e9ficiez par les pr\u00e9sentes que d&#8217;une licence limit\u00e9e, personnelle, non exclusive, non commerciale et r\u00e9vocable pour visualiser, copier, imprimer et distribuer le mat\u00e9riel ABS de ce site, tant que&nbsp;:&nbsp;1. Le mat\u00e9riel est utilis\u00e9 \u00e0 titre informatif uniquement&nbsp;2. Le mat\u00e9riel est utilis\u00e9 \u00e0 des fins non commerciales uniquement&nbsp;3. Les copies de tout mat\u00e9riel incluent l&#8217;avis de droit d&#8217;auteur d&#8217;ABS<\/p>\n\n\n\n<p><strong>Marques commerciales&nbsp;:<\/strong><br> ABS et le logo ABS sont des marques commerciales ou des marques de service d&#8217;ABS Global. Vous ne pouvez pas utiliser ces marques ou toute autre marque de commerce ou marque de service d&#8217;ABS ou de ses conc\u00e9dants sans l&#8217;autorisation \u00e9crite d&#8217;ABS Global.<\/p>\n\n\n<p><!---\n<\/p--><\/p>","protected":false},"excerpt":{"rendered":"","protected":false},"author":6,"featured_media":0,"parent":0,"menu_order":0,"comment_status":"closed","ping_status":"closed","template":"","meta":{"_acf_changed":false,"content-type":"","inline_featured_image":false,"_editorskit_title_hidden":false,"_editorskit_reading_time":3,"_editorskit_is_block_options_detached":false,"_editorskit_block_options_position":"{}","footnotes":""},"class_list":["post-41339","page","type-page","status-publish"],"acf":[],"yoast_head":"<!-- This site is optimized with the Yoast SEO plugin v25.6 - https:\/\/yoast.com\/wordpress\/plugins\/seo\/ -->\n<title>Politique de confidentialit\u00e9 - ABS Global Store Canada<\/title>\n<meta name=\"robots\" content=\"index, follow, max-snippet:-1, max-image-preview:large, max-video-preview:-1\" \/>\n<link rel=\"canonical\" href=\"https:\/\/store.absglobal.com\/ca\/privacy-policy-fr\/\" \/>\n<meta property=\"og:locale\" content=\"en_US\" \/>\n<meta property=\"og:type\" content=\"article\" \/>\n<meta property=\"og:title\" content=\"Politique de confidentialit\u00e9 - ABS Global Store Canada\" \/>\n<meta property=\"og:url\" content=\"https:\/\/store.absglobal.com\/ca\/privacy-policy-fr\/\" \/>\n<meta property=\"og:site_name\" content=\"ABS Global Store Canada\" \/>\n<meta property=\"article:modified_time\" content=\"2022-09-14T14:19:54+00:00\" \/>\n<meta name=\"twitter:card\" content=\"summary_large_image\" \/>\n<meta name=\"twitter:label1\" content=\"Est. reading time\" \/>\n\t<meta name=\"twitter:data1\" content=\"4 minutes\" \/>\n<script type=\"application\/ld+json\" class=\"yoast-schema-graph\">{\"@context\":\"https:\/\/schema.org\",\"@graph\":[{\"@type\":\"WebPage\",\"@id\":\"https:\/\/store.absglobal.com\/ca\/privacy-policy-fr\/\",\"url\":\"https:\/\/store.absglobal.com\/ca\/privacy-policy-fr\/\",\"name\":\"Politique de confidentialit\u00e9 - ABS Global Store Canada\",\"isPartOf\":{\"@id\":\"https:\/\/store.absglobal.com\/ca\/#website\"},\"datePublished\":\"2022-06-17T13:10:43+00:00\",\"dateModified\":\"2022-09-14T14:19:54+00:00\",\"breadcrumb\":{\"@id\":\"https:\/\/store.absglobal.com\/ca\/privacy-policy-fr\/#breadcrumb\"},\"inLanguage\":\"en-US\",\"potentialAction\":[{\"@type\":\"ReadAction\",\"target\":[\"https:\/\/store.absglobal.com\/ca\/privacy-policy-fr\/\"]}]},{\"@type\":\"BreadcrumbList\",\"@id\":\"https:\/\/store.absglobal.com\/ca\/privacy-policy-fr\/#breadcrumb\",\"itemListElement\":[{\"@type\":\"ListItem\",\"position\":1,\"name\":\"Home\",\"item\":\"https:\/\/store.absglobal.com\/ca\/\"},{\"@type\":\"ListItem\",\"position\":2,\"name\":\"Politique de confidentialit\u00e9\"}]},{\"@type\":\"WebSite\",\"@id\":\"https:\/\/store.absglobal.com\/ca\/#website\",\"url\":\"https:\/\/store.absglobal.com\/ca\/\",\"name\":\"ABS Global Store Canada\",\"description\":\"ABS Global Canada\",\"potentialAction\":[{\"@type\":\"SearchAction\",\"target\":{\"@type\":\"EntryPoint\",\"urlTemplate\":\"https:\/\/store.absglobal.com\/ca\/?s={search_term_string}\"},\"query-input\":{\"@type\":\"PropertyValueSpecification\",\"valueRequired\":true,\"valueName\":\"search_term_string\"}}],\"inLanguage\":\"en-US\"}]}<\/script>\n<!-- \/ Yoast SEO plugin. -->","yoast_head_json":{"title":"Politique de confidentialit\u00e9 - ABS Global Store Canada","robots":{"index":"index","follow":"follow","max-snippet":"max-snippet:-1","max-image-preview":"max-image-preview:large","max-video-preview":"max-video-preview:-1"},"canonical":"https:\/\/store.absglobal.com\/ca\/privacy-policy-fr\/","og_locale":"en_US","og_type":"article","og_title":"Politique de confidentialit\u00e9 - ABS Global Store Canada","og_url":"https:\/\/store.absglobal.com\/ca\/privacy-policy-fr\/","og_site_name":"ABS Global Store Canada","article_modified_time":"2022-09-14T14:19:54+00:00","twitter_card":"summary_large_image","twitter_misc":{"Est. reading time":"4 minutes"},"schema":{"@context":"https:\/\/schema.org","@graph":[{"@type":"WebPage","@id":"https:\/\/store.absglobal.com\/ca\/privacy-policy-fr\/","url":"https:\/\/store.absglobal.com\/ca\/privacy-policy-fr\/","name":"Politique de confidentialit\u00e9 - ABS Global Store Canada","isPartOf":{"@id":"https:\/\/store.absglobal.com\/ca\/#website"},"datePublished":"2022-06-17T13:10:43+00:00","dateModified":"2022-09-14T14:19:54+00:00","breadcrumb":{"@id":"https:\/\/store.absglobal.com\/ca\/privacy-policy-fr\/#breadcrumb"},"inLanguage":"en-US","potentialAction":[{"@type":"ReadAction","target":["https:\/\/store.absglobal.com\/ca\/privacy-policy-fr\/"]}]},{"@type":"BreadcrumbList","@id":"https:\/\/store.absglobal.com\/ca\/privacy-policy-fr\/#breadcrumb","itemListElement":[{"@type":"ListItem","position":1,"name":"Home","item":"https:\/\/store.absglobal.com\/ca\/"},{"@type":"ListItem","position":2,"name":"Politique de confidentialit\u00e9"}]},{"@type":"WebSite","@id":"https:\/\/store.absglobal.com\/ca\/#website","url":"https:\/\/store.absglobal.com\/ca\/","name":"ABS Global Store Canada","description":"ABS Global Canada","potentialAction":[{"@type":"SearchAction","target":{"@type":"EntryPoint","urlTemplate":"https:\/\/store.absglobal.com\/ca\/?s={search_term_string}"},"query-input":{"@type":"PropertyValueSpecification","valueRequired":true,"valueName":"search_term_string"}}],"inLanguage":"en-US"}]}},"_links":{"self":[{"href":"https:\/\/store.absglobal.com\/ca\/wp-json\/wp\/v2\/pages\/41339"}],"collection":[{"href":"https:\/\/store.absglobal.com\/ca\/wp-json\/wp\/v2\/pages"}],"about":[{"href":"https:\/\/store.absglobal.com\/ca\/wp-json\/wp\/v2\/types\/page"}],"author":[{"embeddable":true,"href":"https:\/\/store.absglobal.com\/ca\/wp-json\/wp\/v2\/users\/6"}],"replies":[{"embeddable":true,"href":"https:\/\/store.absglobal.com\/ca\/wp-json\/wp\/v2\/comments?post=41339"}],"version-history":[{"count":3,"href":"https:\/\/store.absglobal.com\/ca\/wp-json\/wp\/v2\/pages\/41339\/revisions"}],"predecessor-version":[{"id":48094,"href":"https:\/\/store.absglobal.com\/ca\/wp-json\/wp\/v2\/pages\/41339\/revisions\/48094"}],"wp:attachment":[{"href":"https:\/\/store.absglobal.com\/ca\/wp-json\/wp\/v2\/media?parent=41339"}],"curies":[{"name":"wp","href":"https:\/\/api.w.org\/{rel}","templated":true}]}}